{"id":496,"date":"2024-04-11T16:16:33","date_gmt":"2024-04-11T16:16:33","guid":{"rendered":"https:\/\/www.santnerpass.com\/die-schutzhuette\/"},"modified":"2024-05-17T13:14:08","modified_gmt":"2024-05-17T13:14:08","slug":"die-schutzhuette","status":"publish","type":"page","link":"https:\/\/www.santnerpass.com\/de\/die-schutzhuette\/","title":{"rendered":"Die Schutzh\u00fctte"},"content":{"rendered":"\t\t<div data-elementor-type=\"wp-page\" data-elementor-id=\"496\" class=\"elementor elementor-496 elementor-136\" data-elementor-settings=\"{&quot;ha_cmc_init_switcher&quot;:&quot;no&quot;}\" data-elementor-post-type=\"page\">\n\t\t\t\t<div class=\"elementor-element elementor-element-5a369eb e-con-full e-flex e-con e-parent\" data-id=\"5a369eb\" data-element_type=\"container\" data-e-type=\"container\" data-settings=\"{&quot;background_background&quot;:&quot;classic&quot;,&quot;jet_parallax_layout_list&quot;:[],&quot;_ha_eqh_enable&quot;:false}\">\n\t\t<div class=\"elementor-element elementor-element-3ee77d3 e-flex e-con-boxed e-con e-child\" data-id=\"3ee77d3\" data-element_type=\"container\" data-e-type=\"container\" data-settings=\"{&quot;jet_parallax_layout_list&quot;:[],&quot;_ha_eqh_enable&quot;:false}\">\n\t\t\t\t\t<div class=\"e-con-inner\">\n\t\t\t\t<div class=\"elementor-element elementor-element-f73bd12 elementor-widget elementor-widget-heading\" data-id=\"f73bd12\" data-element_type=\"widget\" data-e-type=\"widget\" data-widget_type=\"heading.default\">\n\t\t\t\t<div class=\"elementor-widget-container\">\n\t\t\t\t\t<h1 class=\"elementor-heading-title elementor-size-default\">Die Schutzh\u00fctte<\/h1>\t\t\t\t<\/div>\n\t\t\t\t<\/div>\n\t\t\t\t\t<\/div>\n\t\t\t\t<\/div>\n\t\t\t\t<\/div>\n\t\t<div class=\"elementor-element elementor-element-876f0ea e-con-full e-flex e-con e-parent\" data-id=\"876f0ea\" data-element_type=\"container\" data-e-type=\"container\" data-settings=\"{&quot;jet_parallax_layout_list&quot;:[],&quot;_ha_eqh_enable&quot;:false}\">\n\t\t<div class=\"elementor-element elementor-element-c9b6371 e-flex e-con-boxed e-con e-child\" data-id=\"c9b6371\" data-element_type=\"container\" data-e-type=\"container\" data-settings=\"{&quot;jet_parallax_layout_list&quot;:[],&quot;_ha_eqh_enable&quot;:false}\">\n\t\t\t\t\t<div class=\"e-con-inner\">\n\t\t\t\t<div class=\"elementor-element elementor-element-feafb66 elementor-widget__width-initial elementor-widget-mobile__width-initial elementor-widget elementor-widget-text-editor\" data-id=\"feafb66\" data-element_type=\"widget\" data-e-type=\"widget\" data-widget_type=\"text-editor.default\">\n\t\t\t\t<div class=\"elementor-widget-container\">\n\t\t\t\t\t\t\t\t\t<p>Das Schutzhaus Santnerpass H\u00fctte liegt an der Westflanke des Rosengartens auf einer stolzen H\u00f6he von 2734 Metern und \u00fcberzeugt mit seiner atemberaubenden Aussicht. Die H\u00fctte wurde vom Bergf\u00fchrer Giulio Gabrielli aus Predazzo im Jahr 1956 errichtet und in den Folgejahren von demselben bewirtschaftet. Seit dem Jahr 2013 blieb die H\u00fctte f\u00fcr vorbeiziehende Wanderer und Kletterer jedoch geschlossen. Seit der Neuer\u00f6ffnung im Sommer 2019 ist das Schutzhaus wieder allen Bergbegeisterten zug\u00e4nglich. Im Fr\u00fchjahr 2022 wurde mit den Umbauarbeiten an der H\u00fctte begonnen und am 10. Juni 2023 wurde die neue H\u00fctte er\u00f6ffnet.<\/p>\n<p>Die H\u00fctte befindet sich im Herzen der Rosengartengruppe, welche seit 2009 mit acht weiteren Gebieten Teil des UNESCO Welterbes der Dolomiten ist. Das Schutzhaus liegt direkt am zweith\u00f6chsten Gipfel der Rosengartengruppe, der Rosengartenspitze. Weitere sehenswerte Berge in der N\u00e4he sind die Laurinswand und die Vajolet-T\u00fcrme. Nach der volkst\u00fcmlichen \u00dcberlieferung lag direkt im \u201eGartl\u201c, dem Standort der heutigen Santnerpass H\u00fctte, der wundersch\u00f6ne Rosengarten des Zwergenk\u00f6nigs Laurin. Noch heute leuchtet der Rosengarten des sagenumwogenen K\u00f6nigs bei den atemberaubenden Sonnenunterg\u00e4ngen in den Farben der Rosen.<\/p>\n\t\t\t\t\t\t\t\t<\/div>\n\t\t\t\t<\/div>\n\t\t\t\t\t<\/div>\n\t\t\t\t<\/div>\n\t\t\t\t<\/div>\n\t\t<div class=\"elementor-element elementor-element-ba869e2 e-con-full e-flex e-con e-parent\" data-id=\"ba869e2\" data-element_type=\"container\" data-e-type=\"container\" data-settings=\"{&quot;jet_parallax_layout_list&quot;:[],&quot;_ha_eqh_enable&quot;:false}\">\n\t\t<div class=\"elementor-element elementor-element-c452b9d e-flex e-con-boxed e-con e-child\" data-id=\"c452b9d\" data-element_type=\"container\" data-e-type=\"container\" data-settings=\"{&quot;jet_parallax_layout_list&quot;:[],&quot;_ha_eqh_enable&quot;:false}\">\n\t\t\t\t\t<div class=\"e-con-inner\">\n\t\t\t\t<div class=\"elementor-element elementor-element-0f9c2b8 elementor-widget__width-inherit elementor-widget elementor-widget-gallery\" data-id=\"0f9c2b8\" data-element_type=\"widget\" data-e-type=\"widget\" data-settings=\"{&quot;columns&quot;:1,&quot;aspect_ratio&quot;:&quot;16:9&quot;,&quot;lazyload&quot;:&quot;yes&quot;,&quot;gallery_layout&quot;:&quot;grid&quot;,&quot;columns_tablet&quot;:2,&quot;columns_mobile&quot;:1,&quot;gap&quot;:{&quot;unit&quot;:&quot;px&quot;,&quot;size&quot;:10,&quot;sizes&quot;:[]},&quot;gap_tablet&quot;:{&quot;unit&quot;:&quot;px&quot;,&quot;size&quot;:10,&quot;sizes&quot;:[]},&quot;gap_mobile&quot;:{&quot;unit&quot;:&quot;px&quot;,&quot;size&quot;:10,&quot;sizes&quot;:[]},&quot;link_to&quot;:&quot;file&quot;,&quot;overlay_background&quot;:&quot;yes&quot;,&quot;content_hover_animation&quot;:&quot;fade-in&quot;}\" data-widget_type=\"gallery.default\">\n\t\t\t\t<div class=\"elementor-widget-container\">\n\t\t\t\t\t\t\t<div class=\"elementor-gallery__container\">\n\t\t\t\t\t\t\t<a class=\"e-gallery-item elementor-gallery-item elementor-animated-content\" href=\"https:\/\/www.santnerpass.com\/wp-content\/uploads\/2024\/04\/RPS-Gallery-00.jpg\" data-elementor-open-lightbox=\"yes\" data-elementor-lightbox-slideshow=\"0f9c2b8\" data-elementor-lightbox-title=\"RPS Gallery 00\" data-e-action-hash=\"#elementor-action%3Aaction%3Dlightbox%26settings%3DeyJpZCI6MTQxLCJ1cmwiOiJodHRwczpcL1wvd3d3LnNhbnRuZXJwYXNzLmNvbVwvd3AtY29udGVudFwvdXBsb2Fkc1wvMjAyNFwvMDRcL1JQUy1HYWxsZXJ5LTAwLmpwZyIsInNsaWRlc2hvdyI6IjBmOWMyYjgifQ%3D%3D\">\n\t\t\t\t\t<div class=\"e-gallery-image elementor-gallery-item__image\" data-thumbnail=\"https:\/\/www.santnerpass.com\/wp-content\/uploads\/2024\/04\/RPS-Gallery-00.jpg\" data-width=\"1920\" data-height=\"1280\" aria-label=\"\" role=\"img\" ><\/div>\n\t\t\t\t\t\t\t\t\t\t\t<div class=\"elementor-gallery-item__overlay\"><\/div>\n\t\t\t\t\t\t\t\t\t\t\t\t\t\t<\/a>\n\t\t\t\t\t<\/div>\n\t\t\t\t\t<\/div>\n\t\t\t\t<\/div>\n\t\t\t\t\t<\/div>\n\t\t\t\t<\/div>\n\t\t<div class=\"elementor-element elementor-element-8df17cf e-flex e-con-boxed e-con e-child\" data-id=\"8df17cf\" data-element_type=\"container\" data-e-type=\"container\" data-settings=\"{&quot;jet_parallax_layout_list&quot;:[],&quot;_ha_eqh_enable&quot;:false}\">\n\t\t\t\t\t<div class=\"e-con-inner\">\n\t\t\t\t<div class=\"elementor-element elementor-element-f91eaf3 elementor-widget__width-inherit elementor-widget elementor-widget-gallery\" data-id=\"f91eaf3\" data-element_type=\"widget\" data-e-type=\"widget\" data-settings=\"{&quot;columns&quot;:3,&quot;columns_mobile&quot;:3,&quot;gap_mobile&quot;:{&quot;unit&quot;:&quot;px&quot;,&quot;size&quot;:0,&quot;sizes&quot;:[]},&quot;aspect_ratio&quot;:&quot;1:1&quot;,&quot;lazyload&quot;:&quot;yes&quot;,&quot;gallery_layout&quot;:&quot;grid&quot;,&quot;columns_tablet&quot;:2,&quot;gap&quot;:{&quot;unit&quot;:&quot;px&quot;,&quot;size&quot;:10,&quot;sizes&quot;:[]},&quot;gap_tablet&quot;:{&quot;unit&quot;:&quot;px&quot;,&quot;size&quot;:10,&quot;sizes&quot;:[]},&quot;link_to&quot;:&quot;file&quot;,&quot;overlay_background&quot;:&quot;yes&quot;,&quot;content_hover_animation&quot;:&quot;fade-in&quot;}\" data-widget_type=\"gallery.default\">\n\t\t\t\t<div class=\"elementor-widget-container\">\n\t\t\t\t\t\t\t<div class=\"elementor-gallery__container\">\n\t\t\t\t\t\t\t<a class=\"e-gallery-item elementor-gallery-item elementor-animated-content\" href=\"https:\/\/www.santnerpass.com\/wp-content\/uploads\/2024\/04\/RPS-Gallery-01.jpg\" data-elementor-open-lightbox=\"yes\" data-elementor-lightbox-slideshow=\"f91eaf3\" data-elementor-lightbox-title=\"RPS Gallery 01\" data-e-action-hash=\"#elementor-action%3Aaction%3Dlightbox%26settings%3DeyJpZCI6MTM4LCJ1cmwiOiJodHRwczpcL1wvd3d3LnNhbnRuZXJwYXNzLmNvbVwvd3AtY29udGVudFwvdXBsb2Fkc1wvMjAyNFwvMDRcL1JQUy1HYWxsZXJ5LTAxLmpwZyIsInNsaWRlc2hvdyI6ImY5MWVhZjMifQ%3D%3D\">\n\t\t\t\t\t<div class=\"e-gallery-image elementor-gallery-item__image\" data-thumbnail=\"https:\/\/www.santnerpass.com\/wp-content\/uploads\/2024\/04\/RPS-Gallery-01.jpg\" data-width=\"1875\" data-height=\"2500\" aria-label=\"\" role=\"img\" ><\/div>\n\t\t\t\t\t\t\t\t\t\t\t<div class=\"elementor-gallery-item__overlay\"><\/div>\n\t\t\t\t\t\t\t\t\t\t\t\t\t\t<\/a>\n\t\t\t\t\t\t\t<a class=\"e-gallery-item elementor-gallery-item elementor-animated-content\" href=\"https:\/\/www.santnerpass.com\/wp-content\/uploads\/2024\/04\/RPS-Gallery-02.jpg\" data-elementor-open-lightbox=\"yes\" data-elementor-lightbox-slideshow=\"f91eaf3\" data-elementor-lightbox-title=\"RPS Gallery 02\" data-e-action-hash=\"#elementor-action%3Aaction%3Dlightbox%26settings%3DeyJpZCI6MTM5LCJ1cmwiOiJodHRwczpcL1wvd3d3LnNhbnRuZXJwYXNzLmNvbVwvd3AtY29udGVudFwvdXBsb2Fkc1wvMjAyNFwvMDRcL1JQUy1HYWxsZXJ5LTAyLmpwZyIsInNsaWRlc2hvdyI6ImY5MWVhZjMifQ%3D%3D\">\n\t\t\t\t\t<div class=\"e-gallery-image elementor-gallery-item__image\" data-thumbnail=\"https:\/\/www.santnerpass.com\/wp-content\/uploads\/2024\/04\/RPS-Gallery-02.jpg\" data-width=\"1875\" data-height=\"2500\" aria-label=\"\" role=\"img\" ><\/div>\n\t\t\t\t\t\t\t\t\t\t\t<div class=\"elementor-gallery-item__overlay\"><\/div>\n\t\t\t\t\t\t\t\t\t\t\t\t\t\t<\/a>\n\t\t\t\t\t\t\t<a class=\"e-gallery-item elementor-gallery-item elementor-animated-content\" href=\"https:\/\/www.santnerpass.com\/wp-content\/uploads\/2024\/04\/RPS-Gallery-03.jpg\" data-elementor-open-lightbox=\"yes\" data-elementor-lightbox-slideshow=\"f91eaf3\" data-elementor-lightbox-title=\"RPS Gallery 03\" data-e-action-hash=\"#elementor-action%3Aaction%3Dlightbox%26settings%3DeyJpZCI6MTQwLCJ1cmwiOiJodHRwczpcL1wvd3d3LnNhbnRuZXJwYXNzLmNvbVwvd3AtY29udGVudFwvdXBsb2Fkc1wvMjAyNFwvMDRcL1JQUy1HYWxsZXJ5LTAzLmpwZyIsInNsaWRlc2hvdyI6ImY5MWVhZjMifQ%3D%3D\">\n\t\t\t\t\t<div class=\"e-gallery-image elementor-gallery-item__image\" data-thumbnail=\"https:\/\/www.santnerpass.com\/wp-content\/uploads\/2024\/04\/RPS-Gallery-03.jpg\" data-width=\"1875\" data-height=\"2500\" aria-label=\"\" role=\"img\" ><\/div>\n\t\t\t\t\t\t\t\t\t\t\t<div class=\"elementor-gallery-item__overlay\"><\/div>\n\t\t\t\t\t\t\t\t\t\t\t\t\t\t<\/a>\n\t\t\t\t\t\t\t<a class=\"e-gallery-item elementor-gallery-item elementor-animated-content\" href=\"https:\/\/www.santnerpass.com\/wp-content\/uploads\/2024\/04\/RPS-Gallery-04.jpg\" data-elementor-open-lightbox=\"yes\" data-elementor-lightbox-slideshow=\"f91eaf3\" data-elementor-lightbox-title=\"RPS Gallery 04\" data-e-action-hash=\"#elementor-action%3Aaction%3Dlightbox%26settings%3DeyJpZCI6MTg3LCJ1cmwiOiJodHRwczpcL1wvd3d3LnNhbnRuZXJwYXNzLmNvbVwvd3AtY29udGVudFwvdXBsb2Fkc1wvMjAyNFwvMDRcL1JQUy1HYWxsZXJ5LTA0LmpwZyIsInNsaWRlc2hvdyI6ImY5MWVhZjMifQ%3D%3D\">\n\t\t\t\t\t<div class=\"e-gallery-image elementor-gallery-item__image\" data-thumbnail=\"https:\/\/www.santnerpass.com\/wp-content\/uploads\/2024\/04\/RPS-Gallery-04.jpg\" data-width=\"1920\" data-height=\"1280\" aria-label=\"\" role=\"img\" ><\/div>\n\t\t\t\t\t\t\t\t\t\t\t<div class=\"elementor-gallery-item__overlay\"><\/div>\n\t\t\t\t\t\t\t\t\t\t\t\t\t\t<\/a>\n\t\t\t\t\t\t\t<a class=\"e-gallery-item elementor-gallery-item elementor-animated-content\" href=\"https:\/\/www.santnerpass.com\/wp-content\/uploads\/2024\/04\/RPS-Gallery-05.jpg\" data-elementor-open-lightbox=\"yes\" data-elementor-lightbox-slideshow=\"f91eaf3\" data-elementor-lightbox-title=\"RPS Gallery 05\" data-e-action-hash=\"#elementor-action%3Aaction%3Dlightbox%26settings%3DeyJpZCI6MTg4LCJ1cmwiOiJodHRwczpcL1wvd3d3LnNhbnRuZXJwYXNzLmNvbVwvd3AtY29udGVudFwvdXBsb2Fkc1wvMjAyNFwvMDRcL1JQUy1HYWxsZXJ5LTA1LmpwZyIsInNsaWRlc2hvdyI6ImY5MWVhZjMifQ%3D%3D\">\n\t\t\t\t\t<div class=\"e-gallery-image elementor-gallery-item__image\" data-thumbnail=\"https:\/\/www.santnerpass.com\/wp-content\/uploads\/2024\/04\/RPS-Gallery-05.jpg\" data-width=\"1920\" data-height=\"1280\" aria-label=\"\" role=\"img\" ><\/div>\n\t\t\t\t\t\t\t\t\t\t\t<div class=\"elementor-gallery-item__overlay\"><\/div>\n\t\t\t\t\t\t\t\t\t\t\t\t\t\t<\/a>\n\t\t\t\t\t\t\t<a class=\"e-gallery-item elementor-gallery-item elementor-animated-content\" href=\"https:\/\/www.santnerpass.com\/wp-content\/uploads\/2024\/04\/RPS-Gallery-06.jpg\" data-elementor-open-lightbox=\"yes\" data-elementor-lightbox-slideshow=\"f91eaf3\" data-elementor-lightbox-title=\"RPS Gallery 06\" data-e-action-hash=\"#elementor-action%3Aaction%3Dlightbox%26settings%3DeyJpZCI6MTg5LCJ1cmwiOiJodHRwczpcL1wvd3d3LnNhbnRuZXJwYXNzLmNvbVwvd3AtY29udGVudFwvdXBsb2Fkc1wvMjAyNFwvMDRcL1JQUy1HYWxsZXJ5LTA2LmpwZyIsInNsaWRlc2hvdyI6ImY5MWVhZjMifQ%3D%3D\">\n\t\t\t\t\t<div class=\"e-gallery-image elementor-gallery-item__image\" data-thumbnail=\"https:\/\/www.santnerpass.com\/wp-content\/uploads\/2024\/04\/RPS-Gallery-06.jpg\" data-width=\"1875\" data-height=\"2500\" aria-label=\"\" role=\"img\" ><\/div>\n\t\t\t\t\t\t\t\t\t\t\t<div class=\"elementor-gallery-item__overlay\"><\/div>\n\t\t\t\t\t\t\t\t\t\t\t\t\t\t<\/a>\n\t\t\t\t\t<\/div>\n\t\t\t\t\t<\/div>\n\t\t\t\t<\/div>\n\t\t\t\t\t<\/div>\n\t\t\t\t<\/div>\n\t\t\t\t<\/div>\n\t\t\t\t<\/div>\n\t\t","protected":false},"excerpt":{"rendered":"<p>Die Schutzh\u00fctte Das Schutzhaus Santnerpass H\u00fctte liegt an der Westflanke des Rosengartens auf einer stolzen H\u00f6he von 2734 Metern und \u00fcberzeugt mit seiner atemberaubenden Aussicht. Die H\u00fctte wurde vom Bergf\u00fchrer Giulio Gabrielli aus Predazzo im Jahr 1956 errichtet und in den Folgejahren von demselben bewirtschaftet. Seit dem Jahr 2013 blieb die H\u00fctte f\u00fcr vorbeiziehende Wanderer [&hellip;]<\/p>\n","protected":false},"author":1,"featured_media":0,"parent":0,"menu_order":0,"comment_status":"closed","ping_status":"closed","template":"elementor_header_footer","meta":{"footnotes":""},"class_list":["post-496","page","type-page","status-publish","hentry"],"yoast_head":"<!-- This site is optimized with the Yoast SEO plugin v27.2 - https:\/\/yoast.com\/product\/yoast-seo-wordpress\/ -->\n<title>Die Schutzh\u00fctte - Santner Pass<\/title>\n<meta name=\"robots\" content=\"index, follow, max-snippet:-1, max-image-preview:large, max-video-preview:-1\" \/>\n<link rel=\"canonical\" href=\"https:\/\/www.santnerpass.com\/de\/die-schutzhuette\/\" \/>\n<meta property=\"og:locale\" content=\"de_DE\" \/>\n<meta property=\"og:type\" content=\"article\" \/>\n<meta property=\"og:title\" content=\"Die Schutzh\u00fctte - Santner Pass\" \/>\n<meta property=\"og:description\" content=\"Die Schutzh\u00fctte Das Schutzhaus Santnerpass H\u00fctte liegt an der Westflanke des Rosengartens auf einer stolzen H\u00f6he von 2734 Metern und \u00fcberzeugt mit seiner atemberaubenden Aussicht. Die H\u00fctte wurde vom Bergf\u00fchrer Giulio Gabrielli aus Predazzo im Jahr 1956 errichtet und in den Folgejahren von demselben bewirtschaftet. Seit dem Jahr 2013 blieb die H\u00fctte f\u00fcr vorbeiziehende Wanderer [&hellip;]\" \/>\n<meta property=\"og:url\" content=\"https:\/\/www.santnerpass.com\/de\/die-schutzhuette\/\" \/>\n<meta property=\"og:site_name\" content=\"Santner Pass\" \/>\n<meta property=\"article:publisher\" content=\"https:\/\/www.facebook.com\/santnerpass\/\" \/>\n<meta property=\"article:modified_time\" content=\"2024-05-17T13:14:08+00:00\" \/>\n<meta property=\"og:image\" content=\"https:\/\/www.santnerpass.com\/wp-content\/uploads\/2024\/04\/Header-Background.jpg\" \/>\n\t<meta property=\"og:image:width\" content=\"1920\" \/>\n\t<meta property=\"og:image:height\" content=\"1080\" \/>\n\t<meta property=\"og:image:type\" content=\"image\/jpeg\" \/>\n<meta name=\"twitter:card\" content=\"summary_large_image\" \/>\n<meta name=\"twitter:label1\" content=\"Gesch\u00e4tzte Lesezeit\" \/>\n\t<meta name=\"twitter:data1\" content=\"1\u00a0Minute\" \/>\n<script type=\"application\/ld+json\" class=\"yoast-schema-graph\">{\"@context\":\"https:\/\/schema.org\",\"@graph\":[{\"@type\":\"WebPage\",\"@id\":\"https:\/\/www.santnerpass.com\/de\/die-schutzhuette\/\",\"url\":\"https:\/\/www.santnerpass.com\/de\/die-schutzhuette\/\",\"name\":\"Die Schutzh\u00fctte - Santner Pass\",\"isPartOf\":{\"@id\":\"https:\/\/www.santnerpass.com\/de\/#website\"},\"datePublished\":\"2024-04-11T16:16:33+00:00\",\"dateModified\":\"2024-05-17T13:14:08+00:00\",\"breadcrumb\":{\"@id\":\"https:\/\/www.santnerpass.com\/de\/die-schutzhuette\/#breadcrumb\"},\"inLanguage\":\"de\",\"potentialAction\":[{\"@type\":\"ReadAction\",\"target\":[\"https:\/\/www.santnerpass.com\/de\/die-schutzhuette\/\"]}]},{\"@type\":\"BreadcrumbList\",\"@id\":\"https:\/\/www.santnerpass.com\/de\/die-schutzhuette\/#breadcrumb\",\"itemListElement\":[{\"@type\":\"ListItem\",\"position\":1,\"name\":\"Home\",\"item\":\"https:\/\/www.santnerpass.com\/de\/\"},{\"@type\":\"ListItem\",\"position\":2,\"name\":\"Die Schutzh\u00fctte\"}]},{\"@type\":\"WebSite\",\"@id\":\"https:\/\/www.santnerpass.com\/de\/#website\",\"url\":\"https:\/\/www.santnerpass.com\/de\/\",\"name\":\"Santner Pass\",\"description\":\"\",\"publisher\":{\"@id\":\"https:\/\/www.santnerpass.com\/de\/#organization\"},\"alternateName\":\"Rifugio Passo Santner\",\"potentialAction\":[{\"@type\":\"SearchAction\",\"target\":{\"@type\":\"EntryPoint\",\"urlTemplate\":\"https:\/\/www.santnerpass.com\/de\/?s={search_term_string}\"},\"query-input\":{\"@type\":\"PropertyValueSpecification\",\"valueRequired\":true,\"valueName\":\"search_term_string\"}}],\"inLanguage\":\"de\"},{\"@type\":\"Organization\",\"@id\":\"https:\/\/www.santnerpass.com\/de\/#organization\",\"name\":\"Santner Pass\",\"url\":\"https:\/\/www.santnerpass.com\/de\/\",\"logo\":{\"@type\":\"ImageObject\",\"inLanguage\":\"de\",\"@id\":\"https:\/\/www.santnerpass.com\/de\/#\/schema\/logo\/image\/\",\"url\":\"https:\/\/www.santnerpass.com\/wp-content\/uploads\/2024\/04\/Santnerpass-Logo-Bianco.png\",\"contentUrl\":\"https:\/\/www.santnerpass.com\/wp-content\/uploads\/2024\/04\/Santnerpass-Logo-Bianco.png\",\"width\":200,\"height\":80,\"caption\":\"Santner Pass\"},\"image\":{\"@id\":\"https:\/\/www.santnerpass.com\/de\/#\/schema\/logo\/image\/\"},\"sameAs\":[\"https:\/\/www.facebook.com\/santnerpass\/\"]}]}<\/script>\n<!-- \/ Yoast SEO plugin. -->","yoast_head_json":{"title":"Die Schutzh\u00fctte - Santner Pass","robots":{"index":"index","follow":"follow","max-snippet":"max-snippet:-1","max-image-preview":"max-image-preview:large","max-video-preview":"max-video-preview:-1"},"canonical":"https:\/\/www.santnerpass.com\/de\/die-schutzhuette\/","og_locale":"de_DE","og_type":"article","og_title":"Die Schutzh\u00fctte - Santner Pass","og_description":"Die Schutzh\u00fctte Das Schutzhaus Santnerpass H\u00fctte liegt an der Westflanke des Rosengartens auf einer stolzen H\u00f6he von 2734 Metern und \u00fcberzeugt mit seiner atemberaubenden Aussicht. Die H\u00fctte wurde vom Bergf\u00fchrer Giulio Gabrielli aus Predazzo im Jahr 1956 errichtet und in den Folgejahren von demselben bewirtschaftet. Seit dem Jahr 2013 blieb die H\u00fctte f\u00fcr vorbeiziehende Wanderer [&hellip;]","og_url":"https:\/\/www.santnerpass.com\/de\/die-schutzhuette\/","og_site_name":"Santner Pass","article_publisher":"https:\/\/www.facebook.com\/santnerpass\/","article_modified_time":"2024-05-17T13:14:08+00:00","og_image":[{"width":1920,"height":1080,"url":"https:\/\/www.santnerpass.com\/wp-content\/uploads\/2024\/04\/Header-Background.jpg","type":"image\/jpeg"}],"twitter_card":"summary_large_image","twitter_misc":{"Gesch\u00e4tzte Lesezeit":"1\u00a0Minute"},"schema":{"@context":"https:\/\/schema.org","@graph":[{"@type":"WebPage","@id":"https:\/\/www.santnerpass.com\/de\/die-schutzhuette\/","url":"https:\/\/www.santnerpass.com\/de\/die-schutzhuette\/","name":"Die Schutzh\u00fctte - Santner Pass","isPartOf":{"@id":"https:\/\/www.santnerpass.com\/de\/#website"},"datePublished":"2024-04-11T16:16:33+00:00","dateModified":"2024-05-17T13:14:08+00:00","breadcrumb":{"@id":"https:\/\/www.santnerpass.com\/de\/die-schutzhuette\/#breadcrumb"},"inLanguage":"de","potentialAction":[{"@type":"ReadAction","target":["https:\/\/www.santnerpass.com\/de\/die-schutzhuette\/"]}]},{"@type":"BreadcrumbList","@id":"https:\/\/www.santnerpass.com\/de\/die-schutzhuette\/#breadcrumb","itemListElement":[{"@type":"ListItem","position":1,"name":"Home","item":"https:\/\/www.santnerpass.com\/de\/"},{"@type":"ListItem","position":2,"name":"Die Schutzh\u00fctte"}]},{"@type":"WebSite","@id":"https:\/\/www.santnerpass.com\/de\/#website","url":"https:\/\/www.santnerpass.com\/de\/","name":"Santner Pass","description":"","publisher":{"@id":"https:\/\/www.santnerpass.com\/de\/#organization"},"alternateName":"Rifugio Passo Santner","potentialAction":[{"@type":"SearchAction","target":{"@type":"EntryPoint","urlTemplate":"https:\/\/www.santnerpass.com\/de\/?s={search_term_string}"},"query-input":{"@type":"PropertyValueSpecification","valueRequired":true,"valueName":"search_term_string"}}],"inLanguage":"de"},{"@type":"Organization","@id":"https:\/\/www.santnerpass.com\/de\/#organization","name":"Santner Pass","url":"https:\/\/www.santnerpass.com\/de\/","logo":{"@type":"ImageObject","inLanguage":"de","@id":"https:\/\/www.santnerpass.com\/de\/#\/schema\/logo\/image\/","url":"https:\/\/www.santnerpass.com\/wp-content\/uploads\/2024\/04\/Santnerpass-Logo-Bianco.png","contentUrl":"https:\/\/www.santnerpass.com\/wp-content\/uploads\/2024\/04\/Santnerpass-Logo-Bianco.png","width":200,"height":80,"caption":"Santner Pass"},"image":{"@id":"https:\/\/www.santnerpass.com\/de\/#\/schema\/logo\/image\/"},"sameAs":["https:\/\/www.facebook.com\/santnerpass\/"]}]}},"_links":{"self":[{"href":"https:\/\/www.santnerpass.com\/de\/wp-json\/wp\/v2\/pages\/496","targetHints":{"allow":["GET"]}}],"collection":[{"href":"https:\/\/www.santnerpass.com\/de\/wp-json\/wp\/v2\/pages"}],"about":[{"href":"https:\/\/www.santnerpass.com\/de\/wp-json\/wp\/v2\/types\/page"}],"author":[{"embeddable":true,"href":"https:\/\/www.santnerpass.com\/de\/wp-json\/wp\/v2\/users\/1"}],"replies":[{"embeddable":true,"href":"https:\/\/www.santnerpass.com\/de\/wp-json\/wp\/v2\/comments?post=496"}],"version-history":[{"count":4,"href":"https:\/\/www.santnerpass.com\/de\/wp-json\/wp\/v2\/pages\/496\/revisions"}],"predecessor-version":[{"id":832,"href":"https:\/\/www.santnerpass.com\/de\/wp-json\/wp\/v2\/pages\/496\/revisions\/832"}],"wp:attachment":[{"href":"https:\/\/www.santnerpass.com\/de\/wp-json\/wp\/v2\/media?parent=496"}],"curies":[{"name":"wp","href":"https:\/\/api.w.org\/{rel}","templated":true}]}}